{"id":46,"date":"2023-07-23T14:37:32","date_gmt":"2023-07-23T14:37:32","guid":{"rendered":"https:\/\/leitezanetti.com.br\/site\/?page_id=46"},"modified":"2025-10-22T22:52:27","modified_gmt":"2025-10-22T22:52:27","slug":"a-empresa","status":"publish","type":"page","link":"https:\/\/leitezanetti.com.br\/?page_id=46","title":{"rendered":"A Empresa"},"content":{"rendered":"\t\t<div data-elementor-type=\"wp-page\" data-elementor-id=\"46\" class=\"elementor elementor-46\">\n\t\t\t\t\t\t<section class=\"elementor-section elementor-top-section elementor-element elementor-element-af9353c elementor-section-boxed elementor-section-height-default elementor-section-height-default\" data-id=\"af9353c\" data-element_type=\"section\" data-e-type=\"section\">\n\t\t\t\t\t\t<div class=\"elementor-container elementor-column-gap-default\">\n\t\t\t\t\t<div class=\"elementor-column elementor-col-100 elementor-top-column elementor-element elementor-element-f8d5225\" data-id=\"f8d5225\" data-element_type=\"column\" data-e-type=\"column\">\n\t\t\t<div class=\"elementor-widget-wrap elementor-element-populated\">\n\t\t\t\t\t\t<div class=\"elementor-element elementor-element-e0e3411 elementor-widget elementor-widget-spacer\" data-id=\"e0e3411\" data-element_type=\"widget\" data-e-type=\"widget\" data-widget_type=\"spacer.default\">\n\t\t\t\t<div class=\"elementor-widget-container\">\n\t\t\t\t\t\t\t<div class=\"elementor-spacer\">\n\t\t\t<div class=\"elementor-spacer-inner\"><\/div>\n\t\t<\/div>\n\t\t\t\t\t\t<\/div>\n\t\t\t\t<\/div>\n\t\t\t\t<div class=\"elementor-element elementor-element-021228b elementor-invisible elementor-widget elementor-widget-heading\" data-id=\"021228b\" data-element_type=\"widget\" data-e-type=\"widget\" data-settings=\"{&quot;_animation&quot;:&quot;fadeInRight&quot;}\" data-widget_type=\"heading.default\">\n\t\t\t\t<div class=\"elementor-widget-container\">\n\t\t\t\t\t<h2 class=\"elementor-heading-title elementor-size-default\">Quem Somos<\/h2>\t\t\t\t<\/div>\n\t\t\t\t<\/div>\n\t\t\t\t<div class=\"elementor-element elementor-element-1bff19b elementor-widget elementor-widget-spacer\" data-id=\"1bff19b\" data-element_type=\"widget\" data-e-type=\"widget\" data-widget_type=\"spacer.default\">\n\t\t\t\t<div class=\"elementor-widget-container\">\n\t\t\t\t\t\t\t<div class=\"elementor-spacer\">\n\t\t\t<div class=\"elementor-spacer-inner\"><\/div>\n\t\t<\/div>\n\t\t\t\t\t\t<\/div>\n\t\t\t\t<\/div>\n\t\t\t\t\t<\/div>\n\t\t<\/div>\n\t\t\t\t\t<\/div>\n\t\t<\/section>\n\t\t\t\t<section class=\"elementor-section elementor-top-section elementor-element elementor-element-5c0dd17 elementor-section-boxed elementor-section-height-default elementor-section-height-default\" data-id=\"5c0dd17\" data-element_type=\"section\" data-e-type=\"section\">\n\t\t\t\t\t\t<div class=\"elementor-container elementor-column-gap-default\">\n\t\t\t\t\t<div class=\"elementor-column elementor-col-50 elementor-top-column elementor-element elementor-element-bee05d4\" data-id=\"bee05d4\" data-element_type=\"column\" data-e-type=\"column\">\n\t\t\t<div class=\"elementor-widget-wrap elementor-element-populated\">\n\t\t\t\t\t\t<div class=\"elementor-element elementor-element-12d720a elementor-widget elementor-widget-image\" data-id=\"12d720a\" data-element_type=\"widget\" data-e-type=\"widget\" data-widget_type=\"image.default\">\n\t\t\t\t<div class=\"elementor-widget-container\">\n\t\t\t\t\t\t\t\t\t\t\t\t\t\t\t<img fetchpriority=\"high\" decoding=\"async\" width=\"800\" height=\"451\" src=\"https:\/\/leitezanetti.com.br\/wp-content\/uploads\/2025\/10\/20231205_151728-1024x577.jpg\" class=\"attachment-large size-large wp-image-633\" alt=\"\" srcset=\"https:\/\/leitezanetti.com.br\/wp-content\/uploads\/2025\/10\/20231205_151728-1024x577.jpg 1024w, https:\/\/leitezanetti.com.br\/wp-content\/uploads\/2025\/10\/20231205_151728-300x169.jpg 300w, https:\/\/leitezanetti.com.br\/wp-content\/uploads\/2025\/10\/20231205_151728-768x432.jpg 768w, https:\/\/leitezanetti.com.br\/wp-content\/uploads\/2025\/10\/20231205_151728-1536x865.jpg 1536w, https:\/\/leitezanetti.com.br\/wp-content\/uploads\/2025\/10\/20231205_151728-2048x1153.jpg 2048w\" sizes=\"(max-width: 800px) 100vw, 800px\" \/>\t\t\t\t\t\t\t\t\t\t\t\t\t\t\t<\/div>\n\t\t\t\t<\/div>\n\t\t\t\t\t<\/div>\n\t\t<\/div>\n\t\t\t\t<div class=\"elementor-column elementor-col-50 elementor-top-column elementor-element elementor-element-53eff43\" data-id=\"53eff43\" data-element_type=\"column\" data-e-type=\"column\">\n\t\t\t<div class=\"elementor-widget-wrap elementor-element-populated\">\n\t\t\t\t\t\t<div class=\"elementor-element elementor-element-2f669df elementor-widget__width-initial elementor-widget-mobile__width-initial elementor-widget elementor-widget-text-editor\" data-id=\"2f669df\" data-element_type=\"widget\" data-e-type=\"widget\" data-widget_type=\"text-editor.default\">\n\t\t\t\t<div class=\"elementor-widget-container\">\n\t\t\t\t\t\t\t\t\t<p>Tudo come\u00e7ou h\u00e1 mais de 60 anos, com a vinda de Orestes Zanetti um homem desbravador, arrojado e progressista, junto a ele sua esposa e filhos, para a fazenda Vera Cruz localizada no munic\u00edpio de Restinga, hoje sede da usina de beneficiamento.<\/p><p>O Latic\u00ednio Zanetti foi inaugurado em 1993, produzindo menos de 100 Litros\/dia.<\/p><p>A atividade leiteira se consolidava como tradi\u00e7\u00e3o familiar. Passando por todas as etapas do setor leiteiro. Por muitos anos produzindo leite ordenhado manualmente.<\/p>\t\t\t\t\t\t\t\t<\/div>\n\t\t\t\t<\/div>\n\t\t\t\t\t<\/div>\n\t\t<\/div>\n\t\t\t\t\t<\/div>\n\t\t<\/section>\n\t\t\t\t<section class=\"elementor-section elementor-top-section elementor-element elementor-element-4f3cb12 elementor-section-boxed elementor-section-height-default elementor-section-height-default\" data-id=\"4f3cb12\" data-element_type=\"section\" data-e-type=\"section\">\n\t\t\t\t\t\t<div class=\"elementor-container elementor-column-gap-default\">\n\t\t\t\t\t<div class=\"elementor-column elementor-col-100 elementor-top-column elementor-element elementor-element-d2153b6\" data-id=\"d2153b6\" data-element_type=\"column\" data-e-type=\"column\">\n\t\t\t<div class=\"elementor-widget-wrap elementor-element-populated\">\n\t\t\t\t\t\t<div class=\"elementor-element elementor-element-1c4804f elementor-widget__width-initial elementor-widget elementor-widget-text-editor\" data-id=\"1c4804f\" data-element_type=\"widget\" data-e-type=\"widget\" data-widget_type=\"text-editor.default\">\n\t\t\t\t<div class=\"elementor-widget-container\">\n\t\t\t\t\t\t\t\t\t<p>Em 1999 foi instalada ordenha mec\u00e2nica e a empresa ent\u00e3o se tornou produtora de leite tipo B.<\/p><p>Nesse meio tempo a id\u00e9ia da empresa de processar o pr\u00f3prio leite foi amadurecendo; pois tinha tudo haver com a heran\u00e7a familiar e com a forma\u00e7\u00e3o profissional de seus gestores.<\/p><p>Atualmente a empresa \u00e9 gerenciada pelos irm\u00e3os J\u00falio C\u00e9sar Zanetti (engenheiro agr\u00f4nomo) e Ant\u00f4nio Sebasti\u00e3o Zanetti (m\u00e9dico-veterin\u00e1rio), contando com auxilio de Maria do Carmo, esposa de J\u00falio, Maria Silvia, esposa de Antonio, e Maria Luiza Zanetti R\u00e9sio e seu esposo Paulo S\u00e9rgio, constituindo assim uma sociedade familiar.<\/p><p>A empresa vem desenvolvendo constantemente projetos de amplia\u00e7\u00e3o. Em 2009 aconteceu a amplia\u00e7\u00e3o da capacidade da usina, aumentando em 100% a estrutura f\u00edsica e produtiva. O projeto \u00e9 supervisionado pelo SISP (Secretaria de Inspe\u00e7\u00e3o de Estado de S\u00e3o Paulo), visando atender a demanda, criando alternativas e diversificando sua linha de produtos, zelando sempre pela qualidade dos mesmos.<\/p><p>A amplia\u00e7\u00e3o est\u00e1 comprometida com a preserva\u00e7\u00e3o do meio ambiente respeitando todas as diretrizes ambientais; e em parceria com o SEBRAE de Franca, adequou o Latic\u00ednio aos padr\u00f5es internacionais.<\/p><p>Toda essa nova estrutura objetiva o desenvolvimento de novos lan\u00e7amentos, assim como a linha infantil fortificada com sulfato ferroso e vitaminas A e D, de forma a atender a popula\u00e7\u00e3o mais carente, que necessita fazer uso de produtos nesta linha, uma vez que o \u00edndice de anemia infantil no Brasil ainda \u00e9 bastante elevado. Al\u00e9m da linha light e a diversifica\u00e7\u00e3o dos derivados.<\/p><p>O leite Zanetti \u00e9 distribu\u00eddo nos principais munic\u00edpios do sudeste paulista, com um diferencial que somente o Leite B Zanetti possui&#8230; de\u00a0&#8220;chegar \u00e0 mesa do consumidor em at\u00e9 24 horas ap\u00f3s ser ordenhado&#8221;.<\/p><p>Sa\u00fade animal, leite puro e fresco, tecnologia eficiente de pasteuriza\u00e7\u00e3o com a marca Zanetti.<\/p>\t\t\t\t\t\t\t\t<\/div>\n\t\t\t\t<\/div>\n\t\t\t\t\t<\/div>\n\t\t<\/div>\n\t\t\t\t\t<\/div>\n\t\t<\/section>\n\t\t\t\t<section class=\"elementor-section elementor-top-section elementor-element elementor-element-91623c0 elementor-section-boxed elementor-section-height-default elementor-section-height-default\" data-id=\"91623c0\" data-element_type=\"section\" data-e-type=\"section\">\n\t\t\t\t\t\t<div class=\"elementor-container elementor-column-gap-default\">\n\t\t\t\t\t<div class=\"elementor-column elementor-col-50 elementor-top-column elementor-element elementor-element-b361356\" data-id=\"b361356\" data-element_type=\"column\" data-e-type=\"column\">\n\t\t\t<div class=\"elementor-widget-wrap elementor-element-populated\">\n\t\t\t\t\t\t<div class=\"elementor-element elementor-element-d0b6b70 elementor-widget elementor-widget-image\" data-id=\"d0b6b70\" data-element_type=\"widget\" data-e-type=\"widget\" data-widget_type=\"image.default\">\n\t\t\t\t<div class=\"elementor-widget-container\">\n\t\t\t\t\t\t\t\t\t\t\t\t\t\t\t<img decoding=\"async\" width=\"800\" height=\"600\" src=\"https:\/\/leitezanetti.com.br\/wp-content\/uploads\/2025\/10\/IMG-20231205-WA0158-1024x768.jpg\" class=\"attachment-large size-large wp-image-625\" alt=\"\" srcset=\"https:\/\/leitezanetti.com.br\/wp-content\/uploads\/2025\/10\/IMG-20231205-WA0158-1024x768.jpg 1024w, https:\/\/leitezanetti.com.br\/wp-content\/uploads\/2025\/10\/IMG-20231205-WA0158-300x225.jpg 300w, https:\/\/leitezanetti.com.br\/wp-content\/uploads\/2025\/10\/IMG-20231205-WA0158-768x576.jpg 768w, https:\/\/leitezanetti.com.br\/wp-content\/uploads\/2025\/10\/IMG-20231205-WA0158-1536x1152.jpg 1536w, https:\/\/leitezanetti.com.br\/wp-content\/uploads\/2025\/10\/IMG-20231205-WA0158.jpg 1600w\" sizes=\"(max-width: 800px) 100vw, 800px\" \/>\t\t\t\t\t\t\t\t\t\t\t\t\t\t\t<\/div>\n\t\t\t\t<\/div>\n\t\t\t\t\t<\/div>\n\t\t<\/div>\n\t\t\t\t<div class=\"elementor-column elementor-col-50 elementor-top-column elementor-element elementor-element-27f3bfc\" data-id=\"27f3bfc\" data-element_type=\"column\" data-e-type=\"column\">\n\t\t\t<div class=\"elementor-widget-wrap elementor-element-populated\">\n\t\t\t\t\t\t<div class=\"elementor-element elementor-element-59b913c elementor-widget elementor-widget-image\" data-id=\"59b913c\" data-element_type=\"widget\" data-e-type=\"widget\" data-widget_type=\"image.default\">\n\t\t\t\t<div class=\"elementor-widget-container\">\n\t\t\t\t\t\t\t\t\t\t\t\t\t\t\t<img decoding=\"async\" width=\"800\" height=\"600\" src=\"https:\/\/leitezanetti.com.br\/wp-content\/uploads\/2025\/10\/IMG-20231205-WA0114-1024x768.jpg\" class=\"attachment-large size-large wp-image-629\" alt=\"\" srcset=\"https:\/\/leitezanetti.com.br\/wp-content\/uploads\/2025\/10\/IMG-20231205-WA0114-1024x768.jpg 1024w, https:\/\/leitezanetti.com.br\/wp-content\/uploads\/2025\/10\/IMG-20231205-WA0114-300x225.jpg 300w, https:\/\/leitezanetti.com.br\/wp-content\/uploads\/2025\/10\/IMG-20231205-WA0114-768x576.jpg 768w, https:\/\/leitezanetti.com.br\/wp-content\/uploads\/2025\/10\/IMG-20231205-WA0114-1536x1152.jpg 1536w, https:\/\/leitezanetti.com.br\/wp-content\/uploads\/2025\/10\/IMG-20231205-WA0114.jpg 1600w\" sizes=\"(max-width: 800px) 100vw, 800px\" \/>\t\t\t\t\t\t\t\t\t\t\t\t\t\t\t<\/div>\n\t\t\t\t<\/div>\n\t\t\t\t\t<\/div>\n\t\t<\/div>\n\t\t\t\t\t<\/div>\n\t\t<\/section>\n\t\t\t\t<\/div>\n\t\t","protected":false},"excerpt":{"rendered":"<p>Quem Somos Tudo come\u00e7ou h\u00e1 mais de 60 anos, com a vinda de Orestes Zanetti um homem desbravador, arrojado e progressista, junto a ele sua esposa e filhos, para a fazenda Vera Cruz localizada no munic\u00edpio de Restinga, hoje sede da usina de beneficiamento. O Latic\u00ednio Zanetti foi inaugurado em 1993, produzindo menos de 100 [&hellip;]<\/p>\n","protected":false},"author":3,"featured_media":0,"parent":0,"menu_order":0,"comment_status":"closed","ping_status":"closed","template":"elementor_header_footer","meta":{"footnotes":""},"class_list":["post-46","page","type-page","status-publish","hentry"],"_links":{"self":[{"href":"https:\/\/leitezanetti.com.br\/index.php?rest_route=\/wp\/v2\/pages\/46","targetHints":{"allow":["GET"]}}],"collection":[{"href":"https:\/\/leitezanetti.com.br\/index.php?rest_route=\/wp\/v2\/pages"}],"about":[{"href":"https:\/\/leitezanetti.com.br\/index.php?rest_route=\/wp\/v2\/types\/page"}],"author":[{"embeddable":true,"href":"https:\/\/leitezanetti.com.br\/index.php?rest_route=\/wp\/v2\/users\/3"}],"replies":[{"embeddable":true,"href":"https:\/\/leitezanetti.com.br\/index.php?rest_route=%2Fwp%2Fv2%2Fcomments&post=46"}],"version-history":[{"count":64,"href":"https:\/\/leitezanetti.com.br\/index.php?rest_route=\/wp\/v2\/pages\/46\/revisions"}],"predecessor-version":[{"id":648,"href":"https:\/\/leitezanetti.com.br\/index.php?rest_route=\/wp\/v2\/pages\/46\/revisions\/648"}],"wp:attachment":[{"href":"https:\/\/leitezanetti.com.br\/index.php?rest_route=%2Fwp%2Fv2%2Fmedia&parent=46"}],"curies":[{"name":"wp","href":"https:\/\/api.w.org\/{rel}","templated":true}]}}